{"id":476,"date":"2021-11-02T14:43:58","date_gmt":"2021-11-02T13:43:58","guid":{"rendered":"https:\/\/grazia-agency.de\/?page_id=476"},"modified":"2025-01-22T22:26:17","modified_gmt":"2025-01-22T21:26:17","slug":"impressum","status":"publish","type":"page","link":"https:\/\/grazia-escort.com\/nl\/impressum\/","title":{"rendered":"afdruk"},"content":{"rendered":"<h2 style=\"text-transform: uppercase;\">afdruk<\/h2>\n<p>Beheerder van deze website \u2013 Grazia International Agency<\/p>\n<p>GA Media &amp; Consulting<\/p>\n<p>Email: office@grazia-agency.com<\/p>\n<p>Telefon: +49 (0) 162 30 931 03<\/p>\n<h2 style=\"text-transform: uppercase; font-size: 20px;\">Jugendschutzbeauftragter gem\u00e4\u00df \u00a77 JMStV in Deutschland:<\/h2>\n<p>Anna Fricke<\/p>\n<p>Ruhrallee 185<\/p>\n<p>45136 Essen<\/p>\n<p>Telefon: +49(0)201 8945372<\/p>\n<p>E-Mail: info@js-beauftragter.de<\/p>\n<p>Internet: www.js-beauftragter.de<\/p>\n<h2 style=\"text-transform: uppercase; font-size: 20px;\">Haftung f\u00fcr Inhalte<\/h2>\n<p>Als Diensteanbieter sind wir f\u00fcr eigene Inhalte auf diesen Seiten nach den allgemeinen Gesetzen verantwortlich. Als Diensteanbieter sind wir jedoch nicht verpflichtet, \u00fcbermittelte oder gespeicherte fremde Informationen zu \u00fcberwachen oder nach Umst\u00e4nden zu forschen, die auf eine rechtswidrige T\u00e4tigkeit hinweisen.<\/p>\n<p>Verpflichtungen zur Entfernung oder Sperrung der Nutzung von Informationen nach den allgemeinen Gesetzen bleiben hiervon unber\u00fchrt. Eine diesbez\u00fcgliche Haftung ist jedoch erst ab dem Zeitpunkt der Kenntnis einer konkreten Rechtsverletzung m\u00f6glich. Bei Bekanntwerden von entsprechenden Rechtsverletzungen werden wir diese Inhalte umgehend entfernen.<\/p>\n<h2 style=\"text-transform: uppercase; font-size: 20px;\">Haftung f\u00fcr Links<\/h2>\n<p>Unser Angebot enth\u00e4lt Links zu externen Websites Dritter, auf deren Inhalte wir keinen Einfluss haben. Deshalb k\u00f6nnen wir f\u00fcr diese fremden Inhalte auch keine Gew\u00e4hr \u00fcbernehmen. F\u00fcr die Inhalte der verlinkten Seiten ist stets der jeweilige Anbieter oder Betreiber der Seiten verantwortlich. Die verlinkten Seiten wurden zum Zeitpunkt der Verlinkung auf m\u00f6gliche Rechtsverst\u00f6\u00dfe \u00fcberpr\u00fcft. Rechtswidrige Inhalte waren zum Zeitpunkt der Verlinkung nicht erkennbar.<\/p>\n<p>Eine permanente inhaltliche Kontrolle der verlinkten Seiten ist jedoch ohne konkrete Anhaltspunkte einer Rechtsverletzung nicht zumutbar. Bei Bekanntwerden von Rechtsverletzungen werden wir derartige Links umgehend entfernen.<\/p>\n<p>\u200b<\/p>\n<h2 style=\"text-transform: uppercase; font-size: 20px;\">Urheberrecht<\/h2>\n<p>Die durch die Seitenbetreiber erstellten Inhalte und Werke auf diesen Seiten unterliegen dem Urheberrecht. Die Vervielf\u00e4ltigung, Bearbeitung, Verbreitung und jede Art der Verwertung au\u00dferhalb der Grenzen des Urheberrechtes bed\u00fcrfen der schriftlichen Zustimmung des jeweiligen Autors bzw. Erstellers. Downloads und Kopien dieser Seite sind nur f\u00fcr den privaten, nicht kommerziellen Gebrauch gestattet.<\/p>\n<p>Soweit die Inhalte auf dieser Seite nicht vom Betreiber erstellt wurden, werden die Urheberrechte Dritter beachtet. Insbesondere werden Inhalte Dritter als solche gekennzeichnet. Sollten Sie trotzdem auf eine Urheberrechtsverletzung aufmerksam werden, bitten wir um einen entsprechenden Hinweis. Bei Bekanntwerden von Rechtsverletzungen werden wir derartige Inhalte umgehend entfernen.<\/p>\n<p>&nbsp;<\/p>\n<h3>BILDRECHTE<\/h3>\n<p>stock.adobe.com \/ Slava_Vladzimirska, Roman Babakin, paulaphot, Leonid Andronov, Maridav, Detkov D, kiuikson, neonshot, janifest, LIGHTFIELD STUDIOS, nico sch\u00f6nberger\/EyeEm, JFL Photography, Simon, Sina Ettmer, Restyler, Delphotostock, solkafa, llhedgehogll, Jacob Lund, deagreez, ZoomTeam, ty, Maksim Shmeljov, eyetronic, engel.ac, Manuel Sch\u00f6nfeld, mojo_cp, Flo Reindl, gatsi, Mistervlad, Jonas Weinitschke, Blickfang, 3kstudiok, Alexi Tauzin, beatrice pr\u00e8ve, Eva Bocek, beatrice pr\u00e8ve, ronstik, Look!, FSEID, milosk50, ivoderooij, tatyaby, fottoo, Eva Bocek, 4kclips, rh2010, shevtsovy, Eva Bocek, Sergii Figurnyi, Andrey Kiselev, filins, Karl Allen Lugmayer, Dragosh, alexbrylovhk, Sina Ettmer, photo 5000, Eva Bocek, eyetronic, Kennymax, Ivan, Vasyl, macphoto07, Leonid Andronov, beatrice pr\u00e8ve, eyetronic, Sina Ettmer, jjfarq, Davide<br \/>\nPixabay \/ StockSnap<br \/>\nEnschede: nl:Gebruiker:Kleuske - Eigenes Werk, CC BY 2.5, https:\/\/commons.wikimedia.org\/w\/index.php?curid=1173037, Friesland: Classic Sloop in Hindeloopen, Martin Bersgma, Barcelona: Gaudi's Parc Guell, MasterLU GettyImages, Madrid: The Cathedral of Madrid, LucVi GettyImages,Valencia: Sunset in the historic center of valencia, by Manuel Hurtado, Brussel: bykavalenkavadesign, Antwerpen:by goodlifestustudio getty images, Barhain: by trabanto getty images, Ibiza: by Javier Duran, getty images, Los Angeles: by chonesstock, Doha: by blueonragenstudio, NRW: by rcfotostock, Honh Kong: by NithidPhoto getty images, call girl: alpha spirit.it, Begleitservice:mariadav, Curvy model: by kirchigan, frivoles ausgehen: by Kasper Grinalds, Fu\u00dferotik: by nomadsoulphotos, dortmund by: inproperstyle pixabay, Alicante AaronPatisson Alicante at Night,<\/p>\n<h3>VIDEORECHTE<\/h3>\n<p>stock.adobe.com \/ Maridav, AILA_IMAGES<\/p>","protected":false},"excerpt":{"rendered":"<p>Impressum Betreiber dieser Website \u2013 Grazia International Agency GA Media &amp; Consulting Email: office@grazia-agency.com Telefon: +49 (0) 162 30 931 03 [&hellip;]<\/p>\n","protected":false},"author":1,"featured_media":0,"parent":0,"menu_order":0,"comment_status":"closed","ping_status":"closed","template":"","meta":{"_acf_changed":false,"footnotes":""},"class_list":["post-476","page","type-page","status-publish","hentry"],"acf":[],"_links":{"self":[{"href":"https:\/\/grazia-escort.com\/nl\/wp-json\/wp\/v2\/pages\/476","targetHints":{"allow":["GET"]}}],"collection":[{"href":"https:\/\/grazia-escort.com\/nl\/wp-json\/wp\/v2\/pages"}],"about":[{"href":"https:\/\/grazia-escort.com\/nl\/wp-json\/wp\/v2\/types\/page"}],"author":[{"embeddable":true,"href":"https:\/\/grazia-escort.com\/nl\/wp-json\/wp\/v2\/users\/1"}],"replies":[{"embeddable":true,"href":"https:\/\/grazia-escort.com\/nl\/wp-json\/wp\/v2\/comments?post=476"}],"version-history":[{"count":83,"href":"https:\/\/grazia-escort.com\/nl\/wp-json\/wp\/v2\/pages\/476\/revisions"}],"predecessor-version":[{"id":10700,"href":"https:\/\/grazia-escort.com\/nl\/wp-json\/wp\/v2\/pages\/476\/revisions\/10700"}],"wp:attachment":[{"href":"https:\/\/grazia-escort.com\/nl\/wp-json\/wp\/v2\/media?parent=476"}],"curies":[{"name":"wp","href":"https:\/\/api.w.org\/{rel}","templated":true}]}}