{"id":476,"date":"2021-11-02T14:43:58","date_gmt":"2021-11-02T13:43:58","guid":{"rendered":"https:\/\/grazia-agency.de\/?page_id=476"},"modified":"2025-01-22T22:26:17","modified_gmt":"2025-01-22T21:26:17","slug":"imprimer","status":"publish","type":"page","link":"https:\/\/grazia-escort.com\/fr\/impressum\/","title":{"rendered":"imprimer"},"content":{"rendered":"<h2 style=\"text-transform: uppercase;\">imprimer<\/h2>\n<p>Op\u00e9rateur de ce site Web \u2013 Agence internationale Grazia<\/p>\n<p>GA M\u00e9dias &amp; Conseil<\/p>\n<p>Courriel : office@grazia-agency.com<\/p>\n<p>T\u00e9l\u00e9phone : +49 (0) 162 30 931 03<\/p>\n<h2 style=\"text-transform: uppercase; font-size: 20px;\">D\u00e9l\u00e9gu\u00e9 \u00e0 la protection de la jeunesse selon \u00a77 JMStV en Allemagne :<\/h2>\n<p>Anna Fricke<\/p>\n<p>Ruhrallee 185<\/p>\n<p>45136 Essen<\/p>\n<p>T\u00e9l\u00e9phone : +49(0)201 8945372<\/p>\n<p>Courriel : info@js-beauftragter.de<\/p>\n<p>Internet: www.js-beauftragter.de<\/p>\n<h2 style=\"text-transform: uppercase; font-size: 20px;\">Responsabilit\u00e9 du contenu<\/h2>\n<p>En tant que prestataires de services, nous sommes responsables de notre propre contenu sur ces pages conform\u00e9ment aux lois g\u00e9n\u00e9rales. Cependant, en tant que prestataire de services, nous ne sommes pas tenus de surveiller les informations transmises ou stock\u00e9es par des tiers ni d&#039;enqu\u00eater sur des circonstances indiquant des activit\u00e9s ill\u00e9gales.<\/p>\n<p>Les obligations de supprimer ou de bloquer l&#039;utilisation des informations en vertu des lois g\u00e9n\u00e9rales restent inchang\u00e9es. La responsabilit\u00e9 \u00e0 cet \u00e9gard n\u2019est toutefois possible qu\u2019au moment de la connaissance d\u2019une violation concr\u00e8te de la loi. Si nous avons connaissance de telles violations de la loi, nous supprimerons imm\u00e9diatement ce contenu.<\/p>\n<h2 style=\"text-transform: uppercase; font-size: 20px;\">Responsabilit\u00e9 pour les liens<\/h2>\n<p>Notre offre contient des liens vers des sites Web externes de tiers sur le contenu desquels nous n&#039;avons aucune influence. Par cons\u00e9quent, nous ne pouvons accepter aucune responsabilit\u00e9 pour ce contenu tiers. Le fournisseur ou l&#039;exploitant respectif des pages est toujours responsable du contenu des pages li\u00e9es. Les pages li\u00e9es ont \u00e9t\u00e9 v\u00e9rifi\u00e9es au moment de la cr\u00e9ation du lien afin de d\u00e9celer d&#039;\u00e9ventuelles violations de la loi. Le contenu ill\u00e9gal n&#039;\u00e9tait pas reconnaissable au moment de la cr\u00e9ation du lien.<\/p>\n<p>Toutefois, un contr\u00f4le permanent du contenu des pages li\u00e9es n&#039;est pas raisonnable sans preuve concr\u00e8te d&#039;une violation de la loi. Si nous avons connaissance de violations de la loi, nous supprimerons imm\u00e9diatement ces liens.<\/p>\n<p>\u200b<\/p>\n<h2 style=\"text-transform: uppercase; font-size: 20px;\">droits d&#039;auteur<\/h2>\n<p>Les contenus et \u0153uvres de ces pages cr\u00e9\u00e9s par les op\u00e9rateurs du site sont soumis au droit d&#039;auteur. La reproduction, le traitement, la diffusion et toute forme d&#039;exploitation en dehors des limites du droit d&#039;auteur n\u00e9cessitent le consentement \u00e9crit de l&#039;auteur ou du cr\u00e9ateur concern\u00e9. Les t\u00e9l\u00e9chargements et copies de ce site ne sont autoris\u00e9s que pour un usage priv\u00e9 et non commercial.<\/p>\n<p>Dans la mesure o\u00f9 le contenu de ce site n&#039;a pas \u00e9t\u00e9 cr\u00e9\u00e9 par l&#039;op\u00e9rateur, les droits d&#039;auteur de tiers sont respect\u00e9s. En particulier, le contenu tiers est marqu\u00e9 comme tel. Si vous avez n\u00e9anmoins connaissance d\u2019une violation du droit d\u2019auteur, veuillez nous en informer. Si nous avons connaissance d\u2019une violation de la loi, nous supprimerons imm\u00e9diatement ce contenu.<\/p>\n<p>&nbsp;<\/p>\n<h3>DROITS D&#039;IMAGE<\/h3>\n<p>stock.adobe.com \/ Slava_Vladzimirska, Roman Babakin, paulaphot, Leonid Andronov, Maridav, Detkov D, kiuikson, neonshot, janifest, LIGHTFIELD STUDIOS, nico sch\u00f6nberger\/EyeEm, JFL Photography, Simon, Sina Ettmer, Restyler, Delphotostock, solkafa, llhedgehogll, Jacob Lund, deagreez, ZoomTeam, ty, Maksim Shmeljov, eyetronic, engel.ac, Manuel Sch\u00f6nfeld, mojo_cp, Flo Reindl, gatsi, Mistervlad, Jonas Weinitschke, Blickfang, 3kstudiok, Alexi Tauzin, beatrice pr\u00e8ve, Eva Bocek, beatrice pr\u00e8ve, ronstik, Look!, FSEID, milosk50, ivoderooij, tatyaby, fottoo, Eva Bocek, 4kclips, rh2010, shevtsovy, Eva Bocek, Sergii Figurnyi, Andrey Kiselev, filins, Karl Allen Lugmayer, Dragosh, alexbrylovhk, Sina Ettmer, photo 5000, Eva Bocek, eyetronic, Kennymax, Ivan, Vasyl, macphoto07, Leonid Andronov, beatrice pr\u00e8ve, eyetronic, Sina Ettmer, jjfarq, Davide<br \/>\nPixabay \/ StockSnap<br \/>\nEnschede: nl:Gebruiker:Kleuske - Eigenes Werk, CC BY 2.5, https:\/\/commons.wikimedia.org\/w\/index.php?curid=1173037, Friesland: Classic Sloop in Hindeloopen, Martin Bersgma, Barcelona: Gaudi&#039;s Parc Guell, MasterLU GettyImages, Madrid: The Cathedral of Madrid, LucVi GettyImages,Valencia: Sunset in the historic center of valencia, by Manuel Hurtado, Brussels: bykavalenkavadesign, Antwerpen:by goodlifestustudio getty images, Barhain: by trabanto getty images, Ibiza: by Javier Duran, getty images, Los Angeles: by chonesstock, Doha: by blueonragenstudio, NRW: by rcfotostock, Honh Kong: by NithidPhoto getty images, call girl: alpha spirit.it, Begleitservice:mariadav, Curvy model: by kirchigan, sorties frivoles : par Kasper Grinalds, \u00e9rotisme des pieds : par nomadsoulphotos, dortmund par : inproperstyle pixabay, Alicante AaronPatisson Alicante la nuit,<\/p>\n<h3>DROITS VID\u00c9O<\/h3>\n<p>stock.adobe.com \/ Maridav, AILA_IMAGES<\/p>","protected":false},"excerpt":{"rendered":"<p>Impressum Betreiber dieser Website \u2013 Grazia International Agency GA Media &amp; Consulting Email: office@grazia-agency.com Telefon: +49 (0) 162 30 931 03 [&hellip;]<\/p>\n","protected":false},"author":1,"featured_media":0,"parent":0,"menu_order":0,"comment_status":"closed","ping_status":"closed","template":"","meta":{"_acf_changed":false,"footnotes":""},"class_list":["post-476","page","type-page","status-publish","hentry"],"acf":[],"_links":{"self":[{"href":"https:\/\/grazia-escort.com\/fr\/wp-json\/wp\/v2\/pages\/476","targetHints":{"allow":["GET"]}}],"collection":[{"href":"https:\/\/grazia-escort.com\/fr\/wp-json\/wp\/v2\/pages"}],"about":[{"href":"https:\/\/grazia-escort.com\/fr\/wp-json\/wp\/v2\/types\/page"}],"author":[{"embeddable":true,"href":"https:\/\/grazia-escort.com\/fr\/wp-json\/wp\/v2\/users\/1"}],"replies":[{"embeddable":true,"href":"https:\/\/grazia-escort.com\/fr\/wp-json\/wp\/v2\/comments?post=476"}],"version-history":[{"count":83,"href":"https:\/\/grazia-escort.com\/fr\/wp-json\/wp\/v2\/pages\/476\/revisions"}],"predecessor-version":[{"id":10700,"href":"https:\/\/grazia-escort.com\/fr\/wp-json\/wp\/v2\/pages\/476\/revisions\/10700"}],"wp:attachment":[{"href":"https:\/\/grazia-escort.com\/fr\/wp-json\/wp\/v2\/media?parent=476"}],"curies":[{"name":"wp","href":"https:\/\/api.w.org\/{rel}","templated":true}]}}