{"id":3,"date":"2021-08-25T15:19:32","date_gmt":"2021-08-25T13:19:32","guid":{"rendered":"https:\/\/grazia-agency.de\/?page_id=3"},"modified":"2025-01-22T21:21:26","modified_gmt":"2025-01-22T20:21:26","slug":"politique-de-confidentialite","status":"publish","type":"page","link":"https:\/\/grazia-escort.com\/fr\/datenschutzerklaerung\/","title":{"rendered":"Protection des donn\u00e9es"},"content":{"rendered":"<h1>Protection des donn\u00e9es<\/h1>\n<p>protection des donn\u00e9es<br \/>\nCette politique de confidentialit\u00e9 explique comment nous traitons vos donn\u00e9es personnelles conform\u00e9ment au R\u00e8glement g\u00e9n\u00e9ral sur la protection des donn\u00e9es (RGPD) et aux autres lois applicables en mati\u00e8re de protection des donn\u00e9es. Nous souhaitons vous expliquer clairement quelles informations nous collectons, comment nous les utilisons et quels sont vos droits.<\/p>\n<p>Utilisation de Google Analytics<br \/>\nNous utilisons Google Analytics, un service fourni par Google Ireland Limited (Gordon House, Barrow Street, Dublin 4, Irlande), sur ce site web pour analyser le comportement des utilisateurs et optimiser notre contenu. Google Analytics stocke des donn\u00e9es telles que les pages consult\u00e9es, la dur\u00e9e de la visite, la localisation et les d\u00e9tails techniques de votre appareil. Ces donn\u00e9es sont collect\u00e9es de mani\u00e8re anonyme et utilis\u00e9es exclusivement \u00e0 des fins statistiques.<br \/>\nVous pouvez emp\u00eacher l&#039;utilisation de Google Analytics en installant un module compl\u00e9mentaire de navigateur qui bloque la collecte de donn\u00e9es. Vous pouvez \u00e9galement refuser l&#039;utilisation de cookies de suivi dans les param\u00e8tres de cookies du site web.<\/p>\n<p>Cookies et technologies similaires<br \/>\nNous utilisons des cookies pour assurer le bon fonctionnement du site web et am\u00e9liorer l&#039;exp\u00e9rience utilisateur. Les cookies sont de petits fichiers texte stock\u00e9s sur votre appareil. Vous pouvez contr\u00f4ler les cookies accept\u00e9s ou refus\u00e9s via les param\u00e8tres de votre navigateur. Pour plus d&#039;informations sur les cookies utilis\u00e9s, consultez notre Politique relative aux cookies.<\/p>\n<p>Gestion du consentement<br \/>\nNous utilisons un outil de consentement pour g\u00e9rer les cookies et technologies similaires. Cet outil nous permet de documenter et de g\u00e9rer votre consentement conform\u00e9ment aux exigences du RGPD. Aucun cookie facultatif ne sera install\u00e9 sans votre consentement.<\/p>\n<p>Base juridique du traitement des donn\u00e9es<br \/>\nLes donn\u00e9es personnelles sont trait\u00e9es conform\u00e9ment \u00e0 l&#039;article 6 (1) (a) du RGPD (consentement) ou (f) du RGPD (int\u00e9r\u00eat l\u00e9gitime). Notre int\u00e9r\u00eat l\u00e9gitime r\u00e9side dans l&#039;optimisation de notre site web et l&#039;am\u00e9lioration de votre exp\u00e9rience utilisateur. Les donn\u00e9es relatives aux clients, telles que le nom, les coordonn\u00e9es et les informations de r\u00e9servation, sont trait\u00e9es et conserv\u00e9es conform\u00e9ment \u00e0 la l\u00e9gislation en vigueur.<\/p>\n<p>Conservation des donn\u00e9es<br \/>\nLes donn\u00e9es que nous collectons sont conserv\u00e9es uniquement pendant la dur\u00e9e n\u00e9cessaire aux finalit\u00e9s indiqu\u00e9es ou conform\u00e9ment \u00e0 la loi. Les donn\u00e9es clients sont conserv\u00e9es conform\u00e9ment aux exigences l\u00e9gales de conservation, par exemple \u00e0 des fins fiscales ou comptables. Les donn\u00e9es collect\u00e9es avec Google Analytics sont g\u00e9n\u00e9ralement conserv\u00e9es pendant 14 mois maximum.<\/p>\n<p>Vos droits<br \/>\nVous avez le droit de demander des informations sur vos donn\u00e9es stock\u00e9es, de rectifier les donn\u00e9es inexactes, de demander leur suppression ou d&#039;en restreindre le traitement. Vous disposez \u00e9galement du droit \u00e0 la portabilit\u00e9 des donn\u00e9es et du droit de retirer votre consentement \u00e0 tout moment. De plus, vous pouvez vous opposer au traitement de vos donn\u00e9es si celui-ci est fond\u00e9 sur des int\u00e9r\u00eats l\u00e9gitimes.<\/p>\n<p>Mise \u00e0 jour de la politique de confidentialit\u00e9<br \/>\nNous nous r\u00e9servons le droit de mettre \u00e0 jour cette politique de confidentialit\u00e9 si n\u00e9cessaire pour l&#039;adapter aux changements juridiques ou techniques.<\/p>\n<p>Tous les textes sont prot\u00e9g\u00e9s par le droit d&#039;auteur.<\/p>\n<p>&nbsp;<\/p>","protected":false},"excerpt":{"rendered":"<p>Datenschutzerkl\u00e4rung Datenschutz Diese Datenschutzerkl\u00e4rung erl\u00e4utert, wie wir Ihre personenbezogenen Daten im Einklang mit der Datenschutz-Grundverordnung (DSGVO) und anderen anwendbaren Datenschutzgesetzen verarbeiten. [&hellip;]<\/p>\n","protected":false},"author":1,"featured_media":0,"parent":0,"menu_order":0,"comment_status":"closed","ping_status":"closed","template":"","meta":{"_acf_changed":false,"footnotes":""},"class_list":["post-3","page","type-page","status-publish","hentry"],"acf":[],"_links":{"self":[{"href":"https:\/\/grazia-escort.com\/fr\/wp-json\/wp\/v2\/pages\/3","targetHints":{"allow":["GET"]}}],"collection":[{"href":"https:\/\/grazia-escort.com\/fr\/wp-json\/wp\/v2\/pages"}],"about":[{"href":"https:\/\/grazia-escort.com\/fr\/wp-json\/wp\/v2\/types\/page"}],"author":[{"embeddable":true,"href":"https:\/\/grazia-escort.com\/fr\/wp-json\/wp\/v2\/users\/1"}],"replies":[{"embeddable":true,"href":"https:\/\/grazia-escort.com\/fr\/wp-json\/wp\/v2\/comments?post=3"}],"version-history":[{"count":8,"href":"https:\/\/grazia-escort.com\/fr\/wp-json\/wp\/v2\/pages\/3\/revisions"}],"predecessor-version":[{"id":10699,"href":"https:\/\/grazia-escort.com\/fr\/wp-json\/wp\/v2\/pages\/3\/revisions\/10699"}],"wp:attachment":[{"href":"https:\/\/grazia-escort.com\/fr\/wp-json\/wp\/v2\/media?parent=3"}],"curies":[{"name":"wp","href":"https:\/\/api.w.org\/{rel}","templated":true}]}}