{"id":10702,"date":"2025-01-23T11:45:36","date_gmt":"2025-01-23T10:45:36","guid":{"rendered":"https:\/\/grazia-escort.com\/?page_id=10702"},"modified":"2026-01-26T18:01:29","modified_gmt":"2026-01-26T17:01:29","slug":"conditions-generales","status":"publish","type":"page","link":"https:\/\/grazia-escort.com\/fr\/agb\/","title":{"rendered":"Conditions G\u00e9n\u00e9rales (CGV)"},"content":{"rendered":"<p><strong>Agence Internationale Grazia<\/strong><\/p>\n<h2>1. Port\u00e9e<\/h2>\n<p>1.1 Les pr\u00e9sentes Conditions G\u00e9n\u00e9rales s&#039;appliquent \u00e0 tous les services propos\u00e9s par Grazia International Agency, notamment le placement d&#039;escortes (ci-apr\u00e8s \u00ab mod\u00e8les \u00bb).<\/p>\n<p>1.2 En utilisant nos services, le client accepte les pr\u00e9sentes conditions g\u00e9n\u00e9rales dans la version actuellement en vigueur. Les modifications ou \u00e9carts n\u00e9cessitent un accord \u00e9crit.<\/p>\n<hr \/>\n<h2>2. Services de m\u00e9diation<\/h2>\n<p>2.1 Grazia fournit uniquement des escortes pour les \u00e9v\u00e9nements sociaux. Toutes les autres activit\u00e9s sont r\u00e9alis\u00e9es exclusivement sur une base volontaire et sont en dehors de la relation contractuelle.<\/p>\n<p>2.2 Grazia n&#039;assume aucune responsabilit\u00e9 pour le comportement des mod\u00e8les ou des clients lors d&#039;une r\u00e9union.<\/p>\n<hr \/>\n<h2>3. Conditions de d\u00e9p\u00f4t et de paiement<\/h2>\n<p>3.1 Un d\u00e9p\u00f4t est requis dans les cas suivants :<\/p>\n<ul>\n<li>R\u00e9servations en dehors de la ville natale du mod\u00e8le.<\/li>\n<li>Nouveaux clients.<\/li>\n<li>Compagnons de voyage.<\/li>\n<li>Visites \u00e0 domicile.<\/li>\n<li>R\u00e9servations effectu\u00e9es plus de 7 jours \u00e0 l&#039;avance.<\/li>\n<\/ul>\n<p>3.2 L&#039;acompte s&#039;\u00e9l\u00e8ve \u00e0 au moins 500 \u20ac, major\u00e9s des \u00e9ventuels frais de d\u00e9placement, et sert \u00e0 garantir la r\u00e9servation. Cela permet au mod\u00e8le de planifier son temps de mani\u00e8re contraignante. L&#039;acompte n&#039;est pas remboursable mais peut \u00eatre appliqu\u00e9 \u00e0 une future r\u00e9servation dans un d\u00e9lai d\u00e9termin\u00e9 (g\u00e9n\u00e9ralement trois mois \u00e0 compter de la r\u00e9ception du paiement).<\/p>\n<p>3.3 Le montant restant doit \u00eatre pay\u00e9 au plus tard au d\u00e9but de la r\u00e9union. Les paiements peuvent \u00eatre effectu\u00e9s par virement bancaire ou en esp\u00e8ces, sauf accord contraire.<\/p>\n<hr \/>\n<h2>4. Politique d&#039;annulation<\/h2>\n<p data-start=\"34\" data-end=\"132\">4.1 Les annulations effectu\u00e9es par le client sont g\u00e9n\u00e9ralement soumises \u00e0 des frais de traitement\u00a0:<\/p>\n<ul data-start=\"134\" data-end=\"1197\" data-is-last-node=\"\" data-is-only-node=\"\">\n<li data-start=\"134\" data-end=\"472\">\n<p data-start=\"136\" data-end=\"472\">En cas d&#039;annulation d&#039;un rendez-vous confirm\u00e9, des frais de dossier de 500 \u20ac seront factur\u00e9s, ainsi que les frais de d\u00e9placement d\u00e9j\u00e0 engag\u00e9s (billets d&#039;avion ou de train, par exemple). Exceptionnellement, un report \u00e0 une autre date peut \u00eatre convenu d&#039;un commun accord.<\/p>\n<\/li>\n<li data-start=\"474\" data-end=\"636\">\n<p data-start=\"476\" data-end=\"636\">Si le mannequin est d\u00e9j\u00e0 arriv\u00e9 ou est en route pour le rendez-vous convenu, la totalit\u00e9 des honoraires convenus, plus les frais de d\u00e9placement, sera due.<\/p>\n<\/li>\n<li data-start=\"638\" data-end=\"844\">\n<p data-start=\"640\" data-end=\"844\">Pour les rendez-vous ou les accompagnements de voyage de 24 heures ou plus, un montant minimum de 500 \u20ac plus tous les frais de voyage d\u00e9j\u00e0 engag\u00e9s sera factur\u00e9 en cas d&#039;annulation.<\/p>\n<\/li>\n<li data-start=\"846\" data-end=\"1197\" data-is-last-node=\"\">\n<p data-start=\"848\" data-end=\"1197\" data-is-last-node=\"\">Si une date de voyage d&#039;une dur\u00e9e sup\u00e9rieure \u00e0 24 heures est annul\u00e9e moins de 72 heures avant la date pr\u00e9vue, le montant total convenu, major\u00e9 des frais de voyage, doit \u00eatre pay\u00e9 int\u00e9gralement.<br data-start=\"1039\" data-end=\"1042\" \/>Cet arrangement permet \u00e0 la fois de r\u00e9mun\u00e9rer l&#039;agence et d&#039;assurer une r\u00e9mun\u00e9ration appropri\u00e9e au mannequin pour le temps r\u00e9serv\u00e9.<\/p>\n<\/li>\n<\/ul>\n<p>4.2 Un report du rendez-vous ou des arrangements de bonne volont\u00e9 peuvent \u00eatre convenus individuellement et d&#039;un commun accord.<\/p>\n<hr \/>\n<h2>5. Rompre un rendez-vous<\/h2>\n<p>5.1 En cas d\u2019annulation d\u2019un rendez-vous par l\u2019une des parties dans les 30 premi\u00e8res minutes, un forfait de 150 \u20ac sera factur\u00e9 pour couvrir les frais d\u2019organisation engag\u00e9s. De plus, tous les frais de d\u00e9placement d\u00e9j\u00e0 engag\u00e9s seront factur\u00e9s. Ce r\u00e8glement correspond aux conditions contractuelles convenues et sert \u00e0 compenser les efforts et les d\u00e9penses.<\/p>\n<p>5.2 Si le rendez-vous convenu est interrompu pr\u00e9matur\u00e9ment par le client ou le mod\u00e8le apr\u00e8s les 30 premi\u00e8res minutes, le tarif minimum convenu contractuellement \u2013 mais au moins la dur\u00e9e minimale de r\u00e9servation applicable (g\u00e9n\u00e9ralement 2 heures ou, pour les r\u00e9servations internationales, la dur\u00e9e minimale sp\u00e9cifi\u00e9e correspondante) \u2013 reste d\u00fb dans son int\u00e9gralit\u00e9. Les frais de d\u00e9placement d\u00e9j\u00e0 engag\u00e9s sont int\u00e9gralement \u00e0 la charge du client. Cette disposition vise \u00e0 prot\u00e9ger les int\u00e9r\u00eats des deux parties et \u00e0 garantir la r\u00e9mun\u00e9ration et le remboursement des frais convenus contractuellement.<\/p>\n<hr \/>\n<h2>6. Droits et obligations des clients<\/h2>\n<p>6.1 Le client s&#039;engage \u00e0 fournir des informations v\u00e9ridiques et compl\u00e8tes lors de la r\u00e9servation.<\/p>\n<p>6.2 Tout comportement inappropri\u00e9 ou non-respect des conditions convenues entra\u00eenera la cessation imm\u00e9diate de la r\u00e9union sans aucun droit \u00e0 remboursement.<\/p>\n<hr \/>\n<h2>7. Protection des donn\u00e9es<\/h2>\n<p>7.1 Grazia traite les donn\u00e9es personnelles conform\u00e9ment aux lois applicables en mati\u00e8re de protection des donn\u00e9es. Les donn\u00e9es relatives aux clients ne sont stock\u00e9es qu&#039;aux fins du traitement de la r\u00e9servation et conform\u00e9ment aux dispositions l\u00e9gales. Une fois la r\u00e9servation effectu\u00e9e, les donn\u00e9es personnelles peuvent \u00eatre supprim\u00e9es, sauf obligation l\u00e9gale de conservation.<\/p>\n<p>7.2 Les clients ont le droit de demander des informations sur leurs donn\u00e9es stock\u00e9es, de demander leur suppression ou leur rectification et de s&#039;opposer au traitement.<\/p>\n<hr \/>\n<h2>8. Clause de divisibilit\u00e9<\/h2>\n<p>Si une disposition des pr\u00e9sentes conditions g\u00e9n\u00e9rales est inefficace, les autres dispositions restent inchang\u00e9es. La disposition inefficace sera remplac\u00e9e par une r\u00e9glementation la plus proche de l\u2019objectif \u00e9conomique.<\/p>\n<hr \/>\n<h2>Acceptation des Conditions G\u00e9n\u00e9rales (CGV)<\/h2>\n<p>En confirmant une r\u00e9servation aupr\u00e8s de l&#039;Agence Grazia Internationale, le client accepte automatiquement les Conditions G\u00e9n\u00e9rales de Vente (CGV). Ceci s&#039;applique \u00e9galement sans signature s\u00e9par\u00e9e ou confirmation expresse des Conditions G\u00e9n\u00e9rales. Le client confirme avoir lu, compris et accept\u00e9 les Conditions G\u00e9n\u00e9rales. En cas de questions ou d&#039;incertitudes concernant les conditions g\u00e9n\u00e9rales, le client est tenu de contacter l&#039;agence avant de r\u00e9server.<\/p>\n<p><strong>Agence Internationale Grazia<\/strong><\/p>","protected":false},"excerpt":{"rendered":"<p>Grazia International Agency 1. Geltungsbereich 1.1 Diese AGB gelten f\u00fcr alle von Grazia International Agency angebotenen Dienstleistungen, insbesondere die Vermittlung von [&hellip;]<\/p>\n","protected":false},"author":1,"featured_media":0,"parent":0,"menu_order":0,"comment_status":"closed","ping_status":"closed","template":"","meta":{"_acf_changed":false,"footnotes":""},"class_list":["post-10702","page","type-page","status-publish","hentry"],"acf":[],"_links":{"self":[{"href":"https:\/\/grazia-escort.com\/fr\/wp-json\/wp\/v2\/pages\/10702","targetHints":{"allow":["GET"]}}],"collection":[{"href":"https:\/\/grazia-escort.com\/fr\/wp-json\/wp\/v2\/pages"}],"about":[{"href":"https:\/\/grazia-escort.com\/fr\/wp-json\/wp\/v2\/types\/page"}],"author":[{"embeddable":true,"href":"https:\/\/grazia-escort.com\/fr\/wp-json\/wp\/v2\/users\/1"}],"replies":[{"embeddable":true,"href":"https:\/\/grazia-escort.com\/fr\/wp-json\/wp\/v2\/comments?post=10702"}],"version-history":[{"count":17,"href":"https:\/\/grazia-escort.com\/fr\/wp-json\/wp\/v2\/pages\/10702\/revisions"}],"predecessor-version":[{"id":15325,"href":"https:\/\/grazia-escort.com\/fr\/wp-json\/wp\/v2\/pages\/10702\/revisions\/15325"}],"wp:attachment":[{"href":"https:\/\/grazia-escort.com\/fr\/wp-json\/wp\/v2\/media?parent=10702"}],"curies":[{"name":"wp","href":"https:\/\/api.w.org\/{rel}","templated":true}]}}