{"id":476,"date":"2021-11-02T14:43:58","date_gmt":"2021-11-02T13:43:58","guid":{"rendered":"https:\/\/grazia-agency.de\/?page_id=476"},"modified":"2025-01-22T22:26:17","modified_gmt":"2025-01-22T21:26:17","slug":"imprimir","status":"publish","type":"page","link":"https:\/\/grazia-escort.com\/es\/impressum\/","title":{"rendered":"Aviso legal"},"content":{"rendered":"<h2 style=\"text-transform: uppercase;\">Aviso legal<\/h2>\n<p>Operador de este sitio web: Agencia Internacional Grazia<\/p>\n<p>GA Medios y Consultor\u00eda<\/p>\n<p>Correo electr\u00f3nico: office@grazia-agency.com<\/p>\n<p>Tel\u00e9fono: +49 (0) 162 30 931 03<\/p>\n<h2 style=\"text-transform: uppercase; font-size: 20px;\">Oficial de protecci\u00f3n juvenil seg\u00fan \u00a77 JMStV en Alemania:<\/h2>\n<p>Anna Frike<\/p>\n<p>Ruhrallee 185<\/p>\n<p>45136 Comida<\/p>\n<p>Tel\u00e9fono: +49(0)201 8945372<\/p>\n<p>Correo electr\u00f3nico: info@js-rechner.de<\/p>\n<p>Internet: www.js-rechner.de<\/p>\n<h2 style=\"text-transform: uppercase; font-size: 20px;\">Responsabilidad por el contenido<\/h2>\n<p>Como proveedor de servicios, somos responsables de nuestro propio contenido en estas p\u00e1ginas de acuerdo con las leyes generales. Sin embargo, como proveedor de servicios, no estamos obligados a monitorear la informaci\u00f3n de terceros transmitida o almacenada ni a investigar circunstancias que indiquen una actividad ilegal.<\/p>\n<p>Las obligaciones de eliminar o bloquear el uso de informaci\u00f3n de acuerdo con la ley general no se ver\u00e1n afectadas. Sin embargo, la responsabilidad a este respecto s\u00f3lo es posible a partir del momento en que se tiene conocimiento de una infracci\u00f3n legal concreta. Si tenemos conocimiento de alguna infracci\u00f3n legal correspondiente, eliminaremos inmediatamente este contenido.<\/p>\n<h2 style=\"text-transform: uppercase; font-size: 20px;\">Responsabilidad por enlaces<\/h2>\n<p>Nuestra oferta contiene enlaces a sitios web externos de terceros sobre cuyo contenido no tenemos ninguna influencia. Por lo tanto, no podemos asumir ninguna responsabilidad por este contenido externo. El respectivo proveedor u operador de las p\u00e1ginas es siempre responsable del contenido de las p\u00e1ginas enlazadas. En el momento de la vinculaci\u00f3n se comprobaron las p\u00e1ginas enlazadas para detectar posibles infracciones legales. El contenido ilegal no era evidente en el momento del enlace.<\/p>\n<p>Sin embargo, un control permanente del contenido de las p\u00e1ginas enlazadas no es razonable sin pruebas concretas de una infracci\u00f3n legal. Si tenemos conocimiento de alguna infracci\u00f3n legal, eliminaremos inmediatamente dichos enlaces.<\/p>\n<p>\u200b<\/p>\n<h2 style=\"text-transform: uppercase; font-size: 20px;\">derechos de autor<\/h2>\n<p>El contenido y las obras de estas p\u00e1ginas creadas por los operadores del sitio est\u00e1n sujetos a derechos de autor. La reproducci\u00f3n, procesamiento, distribuci\u00f3n y cualquier tipo de explotaci\u00f3n fuera de los l\u00edmites de la ley de derechos de autor requieren el consentimiento por escrito del respectivo autor o creador. Las descargas y copias de esta p\u00e1gina s\u00f3lo est\u00e1n permitidas para uso privado y no comercial.<\/p>\n<p>Si el contenido de este sitio no fue creado por el operador, se respetan los derechos de autor de terceros. En particular, se marcan como tales contenidos de terceros. No obstante, si tiene conocimiento de una infracci\u00f3n de derechos de autor, le pedimos que nos lo notifique en consecuencia. Si tenemos conocimiento de alguna infracci\u00f3n legal, eliminaremos inmediatamente dicho contenido.<\/p>\n<p>&nbsp;<\/p>\n<h3>DERECHOS DE IMAGEN<\/h3>\n<p>stock.adobe.com \/ Slava_Vladzimirska, Roman Babakin, paulaphot, Leonid Andronov, Maridav, Detkov D, kiuikson, neonshot, janifest, LIGHTFIELD STUDIOS, nico Sch\u00f6nberger\/EyeEm, JFL Photography, Simon, Sina Ettmer, Restyler, Delphotostock, solkafa, llhedgehogll , Jacob Lund, deagreez, ZoomTeam, ty, Maksim Shmeljov, eyetronic, engel.ac, Manuel Sch\u00f6nfeld, mojo_cp, Flo Reindl, gatsi, Mistervlad, Jonas Weinitschke, Blickfang, 3kstudiok, Alexi Tauzin, beatrice pr\u00e8ve, Eva Bocek, beatrice pr\u00e8ve, ronstik, Look!, FSEID, milosk50, ivoderooij, tatyaby, fottoo, Eva Bocek, 4kclips, rh2010, shevtsovy, Eva Bocek, Sergii Figurnyi, Andrey Kiselev, filins, Karl Allen Lugmayer, Dragosh, alexbrylovhk, Sina Ettmer, foto 5000, Eva Bocek, eyetronic, Kennymax, Ivan, Vasyl, macphoto07, Leonid Andronov, beatrice pr\u00e8ve, eyetronic, Sina Ettmer, jjfarq, Davide<br \/>\nPixabay\/StockSnap<br \/>\nEnschede: nl:Usuarios:Kleuske - Trabajo propio, CC BY 2.5, https:\/\/commons.wikimedia.org\/w\/index.php?curid=1173037, Frisia: Classic Sloop en Hindeloopen, Martin Bersgma, Barcelona: Parc G\u00fcell de Gaud\u00ed, MasterLU GettyImages, Madrid: La Catedral de Madrid, LucVi GettyImages, Valencia: Atardecer en el centro hist\u00f3rico de Valencia, por Manuel Hurtado, Bruselas: bykavalenkavadesign, Amberes: by goodlifestustudio getty images, Barhain: by trabanto getty images, Ibiza: by Javier Duran, getty images, Los \u00c1ngeles: by chonesstock, Doha: by blueonragenstudio, NRW: by rcfotostock, Hong Kong: by NithidPhoto getty images, chica de compa\u00f1\u00eda: alpha spirit.it, servicio de acompa\u00f1antes: mariadav, modelo con curvas: by kirchigan, salidas fr\u00edvolas: por Kasper Grinalds, erotismo de pies: por nomadsoulphotos, dortmund por: inproperstyle pixabay, Alicante AaronPatisson Alicante de noche,<\/p>\n<h3>DERECHOS DE V\u00cdDEO<\/h3>\n<p>stock.adobe.com \/ Maridav, AILA_IMAGES<\/p>","protected":false},"excerpt":{"rendered":"<p>Impressum Betreiber dieser Website \u2013 Grazia International Agency GA Media &amp; Consulting Email: office@grazia-agency.com Telefon: +49 (0) 162 30 931 03 [&hellip;]<\/p>\n","protected":false},"author":1,"featured_media":0,"parent":0,"menu_order":0,"comment_status":"closed","ping_status":"closed","template":"","meta":{"_acf_changed":false,"footnotes":""},"class_list":["post-476","page","type-page","status-publish","hentry"],"acf":[],"_links":{"self":[{"href":"https:\/\/grazia-escort.com\/es\/wp-json\/wp\/v2\/pages\/476","targetHints":{"allow":["GET"]}}],"collection":[{"href":"https:\/\/grazia-escort.com\/es\/wp-json\/wp\/v2\/pages"}],"about":[{"href":"https:\/\/grazia-escort.com\/es\/wp-json\/wp\/v2\/types\/page"}],"author":[{"embeddable":true,"href":"https:\/\/grazia-escort.com\/es\/wp-json\/wp\/v2\/users\/1"}],"replies":[{"embeddable":true,"href":"https:\/\/grazia-escort.com\/es\/wp-json\/wp\/v2\/comments?post=476"}],"version-history":[{"count":83,"href":"https:\/\/grazia-escort.com\/es\/wp-json\/wp\/v2\/pages\/476\/revisions"}],"predecessor-version":[{"id":10700,"href":"https:\/\/grazia-escort.com\/es\/wp-json\/wp\/v2\/pages\/476\/revisions\/10700"}],"wp:attachment":[{"href":"https:\/\/grazia-escort.com\/es\/wp-json\/wp\/v2\/media?parent=476"}],"curies":[{"name":"gracias","href":"https:\/\/api.w.org\/{rel}","templated":true}]}}