{"id":3,"date":"2021-08-25T15:19:32","date_gmt":"2021-08-25T13:19:32","guid":{"rendered":"https:\/\/grazia-agency.de\/?page_id=3"},"modified":"2025-01-22T21:21:26","modified_gmt":"2025-01-22T20:21:26","slug":"proteccion-de-datos","status":"publish","type":"page","link":"https:\/\/grazia-escort.com\/es\/datenschutzerklaerung\/","title":{"rendered":"Protecci\u00f3n de Datos"},"content":{"rendered":"<h1>Protecci\u00f3n de Datos<\/h1>\n<p>protecci\u00f3n de datos<br \/>\nEsta pol\u00edtica de privacidad explica c\u00f3mo procesamos sus datos personales de acuerdo con el Reglamento General de Protecci\u00f3n de Datos (GDPR) y otras leyes de protecci\u00f3n de datos aplicables. Queremos explicarle de forma comprensible qu\u00e9 informaci\u00f3n recopilamos, c\u00f3mo la utilizamos y qu\u00e9 derechos le corresponden.<\/p>\n<p>Uso de Google Analytics<br \/>\nEn este sitio web utilizamos Google Analytics, un servicio prestado por Google Ireland Limited (Gordon House, Barrow Street, Dubl\u00edn 4, Irlanda), para analizar el comportamiento de los usuarios y optimizar nuestro contenido. Google Analytics almacena datos como p\u00e1ginas vistas, duraci\u00f3n de la estad\u00eda, informaci\u00f3n de ubicaci\u00f3n y detalles t\u00e9cnicos sobre su dispositivo. Estos datos se recogen de forma an\u00f3nima y se utilizan exclusivamente con fines estad\u00edsticos.<br \/>\nPuede impedir el uso de Google Analytics instalando un complemento del navegador que bloquee la recopilaci\u00f3n de datos. Alternativamente, puede rechazar el uso de cookies de seguimiento en la configuraci\u00f3n de cookies del sitio web.<\/p>\n<p>Cookies y tecnolog\u00edas similares<br \/>\nUtilizamos cookies para garantizar la funcionalidad del sitio web y mejorar la experiencia del usuario. Las cookies son peque\u00f1os archivos de texto que se almacenan en su dispositivo. Puede controlar qu\u00e9 cookies est\u00e1n permitidas o rechazadas a trav\u00e9s de la configuraci\u00f3n de su navegador. Puede obtener m\u00e1s informaci\u00f3n sobre las cookies que utilizamos en nuestra Pol\u00edtica de Cookies.<\/p>\n<p>Gesti\u00f3n del consentimiento<br \/>\nUtilizamos una herramienta de consentimiento para administrar cookies y tecnolog\u00edas similares. Esta herramienta nos permite documentar y gestionar sus consentimientos de acuerdo con los requisitos del GDPR. No se establecer\u00e1n cookies opcionales sin su consentimiento.<\/p>\n<p>Base legal para el procesamiento de datos<br \/>\nEl tratamiento de datos personales se realiza de conformidad con el art\u00edculo 6, apartado 1, letra a del RGPD (consentimiento) o letra f del RGPD (inter\u00e9s leg\u00edtimo). Nuestro inter\u00e9s leg\u00edtimo es optimizar nuestro sitio web y mejorar su experiencia de usuario. Los datos relacionados con el cliente, como el nombre, los datos de contacto y la informaci\u00f3n de reserva, se procesan y almacenan de acuerdo con las regulaciones legales.<\/p>\n<p>Retenci\u00f3n de datos<br \/>\nLos datos que recopilemos solo se almacenar\u00e1n durante el tiempo que sea necesario para los fines establecidos o seg\u00fan lo exija la ley. Los datos relacionados con los clientes se almacenan de acuerdo con los requisitos legales de retenci\u00f3n, por ejemplo, para fines fiscales o contables. Los datos recopilados con Google Analytics normalmente se almacenan durante un m\u00e1ximo de 14 meses.<\/p>\n<p>Tus derechos<br \/>\nTiene derecho a solicitar informaci\u00f3n sobre sus datos almacenados, corregir los datos incorrectos, solicitar su eliminaci\u00f3n o la restricci\u00f3n del procesamiento. Tambi\u00e9n tienes derecho a la portabilidad de los datos y derecho a revocar tu consentimiento en cualquier momento. Adem\u00e1s, podr\u00e1 oponerse al tratamiento de sus datos si \u00e9ste est\u00e1 basado en intereses leg\u00edtimos.<\/p>\n<p>Actualizaci\u00f3n de la pol\u00edtica de privacidad<br \/>\nNos reservamos el derecho de actualizar esta pol\u00edtica de privacidad si es necesario para adaptarla a cambios legales o t\u00e9cnicos.<\/p>\n<p>Todos los textos tienen derechos de autor.<\/p>\n<p>&nbsp;<\/p>","protected":false},"excerpt":{"rendered":"<p>Datenschutzerkl\u00e4rung Datenschutz Diese Datenschutzerkl\u00e4rung erl\u00e4utert, wie wir Ihre personenbezogenen Daten im Einklang mit der Datenschutz-Grundverordnung (DSGVO) und anderen anwendbaren Datenschutzgesetzen verarbeiten. [&hellip;]<\/p>\n","protected":false},"author":1,"featured_media":0,"parent":0,"menu_order":0,"comment_status":"closed","ping_status":"closed","template":"","meta":{"_acf_changed":false,"footnotes":""},"class_list":["post-3","page","type-page","status-publish","hentry"],"acf":[],"_links":{"self":[{"href":"https:\/\/grazia-escort.com\/es\/wp-json\/wp\/v2\/pages\/3","targetHints":{"allow":["GET"]}}],"collection":[{"href":"https:\/\/grazia-escort.com\/es\/wp-json\/wp\/v2\/pages"}],"about":[{"href":"https:\/\/grazia-escort.com\/es\/wp-json\/wp\/v2\/types\/page"}],"author":[{"embeddable":true,"href":"https:\/\/grazia-escort.com\/es\/wp-json\/wp\/v2\/users\/1"}],"replies":[{"embeddable":true,"href":"https:\/\/grazia-escort.com\/es\/wp-json\/wp\/v2\/comments?post=3"}],"version-history":[{"count":8,"href":"https:\/\/grazia-escort.com\/es\/wp-json\/wp\/v2\/pages\/3\/revisions"}],"predecessor-version":[{"id":10699,"href":"https:\/\/grazia-escort.com\/es\/wp-json\/wp\/v2\/pages\/3\/revisions\/10699"}],"wp:attachment":[{"href":"https:\/\/grazia-escort.com\/es\/wp-json\/wp\/v2\/media?parent=3"}],"curies":[{"name":"gracias","href":"https:\/\/api.w.org\/{rel}","templated":true}]}}