{"id":10702,"date":"2025-01-23T11:45:36","date_gmt":"2025-01-23T10:45:36","guid":{"rendered":"https:\/\/grazia-escort.com\/?page_id=10702"},"modified":"2026-01-26T18:01:29","modified_gmt":"2026-01-26T17:01:29","slug":"terminos-y-condiciones-generales","status":"publish","type":"page","link":"https:\/\/grazia-escort.com\/es\/agb\/","title":{"rendered":"T\u00e9rminos y condiciones generales (CGC)"},"content":{"rendered":"<p><strong>Agencia Internacional Grazia<\/strong><\/p>\n<h2>1. Alcance<\/h2>\n<p>1.1 Estos T\u00e9rminos y Condiciones Generales se aplican a todos los servicios ofrecidos por la Agencia Grazia International, en particular la colocaci\u00f3n de acompa\u00f1antes (en adelante, \u201cmodelos\u201d).<\/p>\n<p>1.2 Al utilizar nuestros servicios, el cliente acepta estos T\u00e9rminos y Condiciones Generales en la versi\u00f3n actualmente v\u00e1lida. Los cambios o desviaciones requieren consentimiento por escrito.<\/p>\n<hr \/>\n<h2>2. Servicios de mediaci\u00f3n<\/h2>\n<p>2.1 Grazia s\u00f3lo proporciona acompa\u00f1antes para eventos sociales. Cualquier actividad m\u00e1s all\u00e1 de esto se lleva a cabo exclusivamente de forma voluntaria y est\u00e1 fuera de la relaci\u00f3n contractual.<\/p>\n<p>2.2 Grazia no asume ninguna responsabilidad por el comportamiento de los modelos o clientes durante una reuni\u00f3n.<\/p>\n<hr \/>\n<h2>3. Condiciones de dep\u00f3sito y pago<\/h2>\n<p>3.1 Se requiere un dep\u00f3sito en los siguientes casos:<\/p>\n<ul>\n<li>Reservas fuera de la ciudad natal del modelo.<\/li>\n<li>Nuevos clientes.<\/li>\n<li>Compa\u00f1eros de viaje.<\/li>\n<li>Visitas domiciliarias.<\/li>\n<li>Reservas realizadas con m\u00e1s de 7 d\u00edas de antelaci\u00f3n.<\/li>\n<\/ul>\n<p>3.2 El dep\u00f3sito es de al menos 500 \u20ac m\u00e1s los gastos de viaje incurridos y sirve para asegurar la reserva. Asegura que la modelo pueda planificar su tiempo de forma vinculante. El dep\u00f3sito no es reembolsable, pero se puede aplicar a una futura reserva dentro de un per\u00edodo espec\u00edfico (generalmente tres meses desde la recepci\u00f3n del pago).<\/p>\n<p>3.3 El importe restante deber\u00e1 abonarse a m\u00e1s tardar al inicio de la reuni\u00f3n. Los pagos podr\u00e1n realizarse mediante transferencia bancaria o en efectivo, salvo pacto en contrario.<\/p>\n<hr \/>\n<h2>4. Pol\u00edtica de cancelaci\u00f3n<\/h2>\n<p data-start=\"34\" data-end=\"132\">4.1 Las cancelaciones por parte del cliente generalmente est\u00e1n sujetas a una tarifa de procesamiento:<\/p>\n<ul data-start=\"134\" data-end=\"1197\" data-is-last-node=\"\" data-is-only-node=\"\">\n<li data-start=\"134\" data-end=\"472\">\n<p data-start=\"136\" data-end=\"472\">Si un cliente cancela una cita confirmada, se le cobrar\u00e1 una tarifa fija de gesti\u00f3n de 500 \u20ac, adem\u00e1s de los gastos de viaje ya incurridos (por ejemplo, billetes de avi\u00f3n o tren). Excepcionalmente, se podr\u00e1 acordar una nueva fecha.<\/p>\n<\/li>\n<li data-start=\"474\" data-end=\"636\">\n<p data-start=\"476\" data-end=\"636\">Si la modelo ya ha llegado o est\u00e1 de camino a la cita acordada, se deber\u00e1 abonar la tarifa total acordada m\u00e1s los gastos de viaje.<\/p>\n<\/li>\n<li data-start=\"638\" data-end=\"844\">\n<p data-start=\"640\" data-end=\"844\">Para citas o acompa\u00f1amientos de viaje de 24 horas o m\u00e1s, en caso de cancelaci\u00f3n se cobrar\u00e1 un m\u00ednimo de 500\u20ac m\u00e1s los gastos de viaje ya incurridos.<\/p>\n<\/li>\n<li data-start=\"846\" data-end=\"1197\" data-is-last-node=\"\">\n<p data-start=\"848\" data-end=\"1197\" data-is-last-node=\"\">Si una fecha de viaje que dura m\u00e1s de 24 horas se cancela con menos de 72 horas de antelaci\u00f3n a la fecha programada, se deber\u00e1 pagar en su totalidad la tarifa total acordada m\u00e1s los gastos de viaje.<br data-start=\"1039\" data-end=\"1042\" \/>Este acuerdo sirve tanto para compensar a la agencia como para proporcionar una compensaci\u00f3n adecuada a la modelo por el tiempo que se ha reservado.<\/p>\n<\/li>\n<\/ul>\n<p>4.2 Se podr\u00e1 acordar individualmente y de com\u00fan acuerdo una reprogramaci\u00f3n del nombramiento o acuerdos de buena voluntad.<\/p>\n<hr \/>\n<h2>5. Romper una cita<\/h2>\n<p>5.1 Si una cita es cancelada por una de las partes dentro de los primeros 30 minutos, se cobrar\u00e1 una tarifa fija de 150 \u20ac para cubrir los costes de organizaci\u00f3n incurridos. Adem\u00e1s se facturar\u00e1n los gastos de viaje ya incurridos. Esta regulaci\u00f3n corresponde a las condiciones contractuales pactadas y sirve para compensar esfuerzos y gastos.<\/p>\n<p>5.2 Si el cliente o la modelo cancela la cita acordada prematuramente despu\u00e9s de los primeros 30 minutos, se deber\u00e1 abonar \u00edntegramente la tarifa m\u00ednima acordada contractualmente, pero al menos la duraci\u00f3n m\u00ednima de la reserva aplicable (normalmente 2 horas o, para reservas internacionales, la duraci\u00f3n m\u00ednima especificada). Los gastos de viaje ya incurridos correr\u00e1n a cargo del cliente. Esta disposici\u00f3n protege los intereses de ambas partes y garantiza la remuneraci\u00f3n y el reembolso de gastos acordados contractualmente.<\/p>\n<hr \/>\n<h2>6. Derechos y obligaciones de los clientes<\/h2>\n<p>6.1 El cliente se compromete a facilitar informaci\u00f3n veraz y completa en el momento de la reserva.<\/p>\n<p>6.2 Cualquier comportamiento inadecuado o incumplimiento de las condiciones pactadas dar\u00e1 lugar a la terminaci\u00f3n inmediata de la reuni\u00f3n sin derecho a reembolso.<\/p>\n<hr \/>\n<h2>7. Protecci\u00f3n de datos<\/h2>\n<p>7.1 Grazia procesa datos personales de acuerdo con las leyes de protecci\u00f3n de datos aplicables. Los datos del cliente se almacenan \u00fanicamente con el fin de procesar la reserva y de acuerdo con la normativa legal. Una vez finalizada la reserva, los datos personales podr\u00e1n ser eliminados salvo que existan obligaciones legales de conservaci\u00f3n.<\/p>\n<p>7.2 Los clientes tienen derecho a solicitar informaci\u00f3n sobre sus datos almacenados, solicitar su eliminaci\u00f3n o correcci\u00f3n y oponerse al procesamiento.<\/p>\n<hr \/>\n<h2>8. Cl\u00e1usula de divisibilidad<\/h2>\n<p>Si una disposici\u00f3n de estos T\u00e9rminos y Condiciones Generales resulta ineficaz, las disposiciones restantes no se ver\u00e1n afectadas. La disposici\u00f3n ineficaz ser\u00e1 sustituida por un reglamento que se acerque m\u00e1s al objetivo econ\u00f3mico.<\/p>\n<hr \/>\n<h2>Aceptaci\u00f3n de los T\u00e9rminos y Condiciones Generales (CGC)<\/h2>\n<p>Al confirmar una reserva con Grazia International Agency, el cliente acepta autom\u00e1ticamente los T\u00e9rminos y Condiciones Generales (CGV). Esto tambi\u00e9n se aplica sin firma separada o confirmaci\u00f3n expresa de las Condiciones Generales. El cliente confirma que ha le\u00eddo, comprendido y aceptado los T\u00e9rminos y Condiciones Generales. Si existe alguna duda o duda respecto a las Condiciones Generales, el cliente est\u00e1 obligado a ponerse en contacto con la agencia antes de realizar la reserva.<\/p>\n<p><strong>Agencia Internacional Grazia<\/strong><\/p>","protected":false},"excerpt":{"rendered":"<p>Grazia International Agency 1. Geltungsbereich 1.1 Diese AGB gelten f\u00fcr alle von Grazia International Agency angebotenen Dienstleistungen, insbesondere die Vermittlung von [&hellip;]<\/p>\n","protected":false},"author":1,"featured_media":0,"parent":0,"menu_order":0,"comment_status":"closed","ping_status":"closed","template":"","meta":{"_acf_changed":false,"footnotes":""},"class_list":["post-10702","page","type-page","status-publish","hentry"],"acf":[],"_links":{"self":[{"href":"https:\/\/grazia-escort.com\/es\/wp-json\/wp\/v2\/pages\/10702","targetHints":{"allow":["GET"]}}],"collection":[{"href":"https:\/\/grazia-escort.com\/es\/wp-json\/wp\/v2\/pages"}],"about":[{"href":"https:\/\/grazia-escort.com\/es\/wp-json\/wp\/v2\/types\/page"}],"author":[{"embeddable":true,"href":"https:\/\/grazia-escort.com\/es\/wp-json\/wp\/v2\/users\/1"}],"replies":[{"embeddable":true,"href":"https:\/\/grazia-escort.com\/es\/wp-json\/wp\/v2\/comments?post=10702"}],"version-history":[{"count":17,"href":"https:\/\/grazia-escort.com\/es\/wp-json\/wp\/v2\/pages\/10702\/revisions"}],"predecessor-version":[{"id":15325,"href":"https:\/\/grazia-escort.com\/es\/wp-json\/wp\/v2\/pages\/10702\/revisions\/15325"}],"wp:attachment":[{"href":"https:\/\/grazia-escort.com\/es\/wp-json\/wp\/v2\/media?parent=10702"}],"curies":[{"name":"gracias","href":"https:\/\/api.w.org\/{rel}","templated":true}]}}